{"id":578,"date":"2022-10-04T14:45:53","date_gmt":"2022-10-04T13:45:53","guid":{"rendered":"https:\/\/imass.es\/?page_id=578"},"modified":"2022-10-13T23:18:06","modified_gmt":"2022-10-13T22:18:06","slug":"the-district-show","status":"publish","type":"page","link":"https:\/\/imass.es\/en\/the-district-show\/","title":{"rendered":"The District Show"},"content":{"rendered":"<p>[et_pb_section fb_built=&#8221;1&#8243; fullwidth=&#8221;on&#8221; _builder_version=&#8221;4.17.4&#8243; _module_preset=&#8221;default&#8221; global_colors_info=&#8221;{}&#8221;][et_pb_fullwidth_slider _builder_version=&#8221;4.18.0&#8243; _module_preset=&#8221;default&#8221; custom_padding=&#8221;122px||115px|||&#8221; global_colors_info=&#8221;{}&#8221;][et_pb_slide heading=&#8221;THE DISTRICT SHOW&#8221; _builder_version=&#8221;4.18.0&#8243; _module_preset=&#8221;default&#8221; header_font=&#8221;Oswald|600|||||||&#8221; header_text_align=&#8221;right&#8221; background_enable_color=&#8221;off&#8221; background_image=&#8221;https:\/\/imass.es\/wp-content\/uploads\/2022\/10\/Captura-de-Pantalla-2022-10-04-a-las-15.44.47.png&#8221; background_enable_image=&#8221;on&#8221; global_colors_info=&#8221;{}&#8221; sticky_transition=&#8221;on&#8221;][\/et_pb_slide][\/et_pb_fullwidth_slider][\/et_pb_section][et_pb_section fb_built=&#8221;1&#8243; _builder_version=&#8221;4.17.4&#8243; _module_preset=&#8221;default&#8221; background_image=&#8221;https:\/\/imass.es\/wp-content\/uploads\/2022\/05\/fondo-2.jpg&#8221; custom_padding=&#8221;21px|||||&#8221; global_colors_info=&#8221;{}&#8221;][et_pb_row column_structure=&#8221;1_5,3_5,1_5&#8243; _builder_version=&#8221;4.18.0&#8243; _module_preset=&#8221;default&#8221; global_colors_info=&#8221;{}&#8221;][et_pb_column type=&#8221;1_5&#8243; _builder_version=&#8221;4.18.0&#8243; _module_preset=&#8221;default&#8221; global_colors_info=&#8221;{}&#8221;][\/et_pb_column][et_pb_column type=&#8221;3_5&#8243; _builder_version=&#8221;4.18.0&#8243; _module_preset=&#8221;default&#8221; global_colors_info=&#8221;{}&#8221;][et_pb_text _builder_version=&#8221;4.18.0&#8243; _module_preset=&#8221;default&#8221; global_colors_info=&#8221;{}&#8221;]<\/p>\n<h1 style=\"text-align: center;\">Would you like to meet us in person at THE DISTRICT SHOW?<\/h1>\n<p style=\"text-align: center;\">We invite you to the event, please fill out the form below so we can send you the free access code to the event.<\/p>\n<p>[\/et_pb_text][et_pb_contact_form captcha=&#8221;off&#8221; email=&#8221;ceo@imass.es&#8221; custom_message=&#8221;Solicitud Invitaci\u00f3n a: THE DISTRICT SHOW||et_pb_line_break_holder||||et_pb_line_break_holder||Nombre: %%Name%%||et_pb_line_break_holder||Email: %%Email%%||et_pb_line_break_holder||Tel\u00e9fono: %%Phone%%||et_pb_line_break_holder||Empresa: %%Company%%||et_pb_line_break_holder||Mensaje: %%Message%%&#8221; success_message=&#8221;Thank you for completing your application. You will shortly receive a link to download your BUSINESS PASS (1 DAY). We look forward to seeing you at stand C317! &#8221; submit_button_text=&#8221;Send&#8221; _builder_version=&#8221;4.18.0&#8243; _module_preset=&#8221;default&#8221; _unique_id=&#8221;727960de-19f8-4091-b406-c82e3515c99f&#8221; hover_enabled=&#8221;0&#8243; global_colors_info=&#8221;{}&#8221; use_redirect=&#8221;on&#8221; redirect_url=&#8221;https:\/\/imass.es\/thank-you-for-completing-your-application\/&#8221; sticky_enabled=&#8221;0&#8243;][et_pb_contact_field field_id=&#8221;Name&#8221; field_title=&#8221;Name&#8221; _builder_version=&#8221;4.18.0&#8243; global_colors_info=&#8221;{}&#8221; button_text_size__hover_enabled=&#8221;off&#8221; button_one_text_size__hover_enabled=&#8221;off&#8221; button_two_text_size__hover_enabled=&#8221;off&#8221; button_text_color__hover_enabled=&#8221;off&#8221; button_one_text_color__hover_enabled=&#8221;off&#8221; button_two_text_color__hover_enabled=&#8221;off&#8221; button_border_width__hover_enabled=&#8221;off&#8221; button_one_border_width__hover_enabled=&#8221;off&#8221; button_two_border_width__hover_enabled=&#8221;off&#8221; button_border_color__hover_enabled=&#8221;off&#8221; button_one_border_color__hover_enabled=&#8221;off&#8221; button_two_border_color__hover_enabled=&#8221;off&#8221; button_border_radius__hover_enabled=&#8221;off&#8221; button_one_border_radius__hover_enabled=&#8221;off&#8221; button_two_border_radius__hover_enabled=&#8221;off&#8221; button_letter_spacing__hover_enabled=&#8221;off&#8221; button_one_letter_spacing__hover_enabled=&#8221;off&#8221; button_two_letter_spacing__hover_enabled=&#8221;off&#8221; button_bg_color__hover_enabled=&#8221;off&#8221; button_one_bg_color__hover_enabled=&#8221;off&#8221; button_two_bg_color__hover_enabled=&#8221;off&#8221;][\/et_pb_contact_field][et_pb_contact_field field_id=&#8221;Email&#8221; field_title=&#8221;Email&#8221; field_type=&#8221;email&#8221; _builder_version=&#8221;4.18.0&#8243; global_colors_info=&#8221;{}&#8221; button_text_size__hover_enabled=&#8221;off&#8221; button_one_text_size__hover_enabled=&#8221;off&#8221; button_two_text_size__hover_enabled=&#8221;off&#8221; button_text_color__hover_enabled=&#8221;off&#8221; button_one_text_color__hover_enabled=&#8221;off&#8221; button_two_text_color__hover_enabled=&#8221;off&#8221; button_border_width__hover_enabled=&#8221;off&#8221; button_one_border_width__hover_enabled=&#8221;off&#8221; button_two_border_width__hover_enabled=&#8221;off&#8221; button_border_color__hover_enabled=&#8221;off&#8221; button_one_border_color__hover_enabled=&#8221;off&#8221; button_two_border_color__hover_enabled=&#8221;off&#8221; button_border_radius__hover_enabled=&#8221;off&#8221; button_one_border_radius__hover_enabled=&#8221;off&#8221; button_two_border_radius__hover_enabled=&#8221;off&#8221; button_letter_spacing__hover_enabled=&#8221;off&#8221; button_one_letter_spacing__hover_enabled=&#8221;off&#8221; button_two_letter_spacing__hover_enabled=&#8221;off&#8221; button_bg_color__hover_enabled=&#8221;off&#8221; button_one_bg_color__hover_enabled=&#8221;off&#8221; button_two_bg_color__hover_enabled=&#8221;off&#8221;][\/et_pb_contact_field][et_pb_contact_field field_id=&#8221;Phone&#8221; field_title=&#8221;Phone&#8221; _builder_version=&#8221;4.18.0&#8243; _module_preset=&#8221;default&#8221; global_colors_info=&#8221;{}&#8221;][\/et_pb_contact_field][et_pb_contact_field field_id=&#8221;Company&#8221; field_title=&#8221;Company&#8221; _builder_version=&#8221;4.18.0&#8243; _module_preset=&#8221;default&#8221; global_colors_info=&#8221;{}&#8221;][\/et_pb_contact_field][et_pb_contact_field field_id=&#8221;Message&#8221; field_title=&#8221;Message&#8221; field_type=&#8221;text&#8221; fullwidth_field=&#8221;on&#8221; _builder_version=&#8221;4.18.0&#8243; global_colors_info=&#8221;{}&#8221; button_text_size__hover_enabled=&#8221;off&#8221; button_one_text_size__hover_enabled=&#8221;off&#8221; button_two_text_size__hover_enabled=&#8221;off&#8221; button_text_color__hover_enabled=&#8221;off&#8221; button_one_text_color__hover_enabled=&#8221;off&#8221; button_two_text_color__hover_enabled=&#8221;off&#8221; button_border_width__hover_enabled=&#8221;off&#8221; button_one_border_width__hover_enabled=&#8221;off&#8221; button_two_border_width__hover_enabled=&#8221;off&#8221; button_border_color__hover_enabled=&#8221;off&#8221; button_one_border_color__hover_enabled=&#8221;off&#8221; button_two_border_color__hover_enabled=&#8221;off&#8221; button_border_radius__hover_enabled=&#8221;off&#8221; button_one_border_radius__hover_enabled=&#8221;off&#8221; button_two_border_radius__hover_enabled=&#8221;off&#8221; button_letter_spacing__hover_enabled=&#8221;off&#8221; button_one_letter_spacing__hover_enabled=&#8221;off&#8221; button_two_letter_spacing__hover_enabled=&#8221;off&#8221; button_bg_color__hover_enabled=&#8221;off&#8221; button_one_bg_color__hover_enabled=&#8221;off&#8221; button_two_bg_color__hover_enabled=&#8221;off&#8221;][\/et_pb_contact_field][\/et_pb_contact_form][et_pb_image src=&#8221;https:\/\/imass.es\/wp-content\/uploads\/2022\/10\/Captura-de-Pantalla-2022-10-04-a-las-15.45.23.png&#8221; title_text=&#8221;Captura de Pantalla 2022-10-04 a las 15.45.23&#8243; align=&#8221;center&#8221; _builder_version=&#8221;4.18.0&#8243; _module_preset=&#8221;default&#8221; global_colors_info=&#8221;{}&#8221;][\/et_pb_image][\/et_pb_column][et_pb_column type=&#8221;1_5&#8243; _builder_version=&#8221;4.18.0&#8243; _module_preset=&#8221;default&#8221; global_colors_info=&#8221;{}&#8221;][\/et_pb_column][\/et_pb_row][\/et_pb_section][et_pb_section fb_built=&#8221;1&#8243; disabled_on=&#8221;off|on|on&#8221; admin_label=&#8221;Banner versi\u00f3n m\u00f3vil&#8221; _builder_version=&#8221;4.18.0&#8243; _module_preset=&#8221;default&#8221; background_color=&#8221;rgba(0,0,0,0.42)&#8221; background_image=&#8221;https:\/\/imass.es\/wp-content\/uploads\/2022\/05\/FOOTERS.jpeg&#8221; background_blend=&#8221;overlay&#8221; module_alignment=&#8221;center&#8221; custom_margin=&#8221;-23px||-6px|||&#8221; custom_padding=&#8221;23px||13px|||&#8221; global_module=&#8221;280&#8243; saved_tabs=&#8221;all&#8221; global_colors_info=&#8221;{}&#8221;][et_pb_row _builder_version=&#8221;4.17.4&#8243; _module_preset=&#8221;default&#8221; custom_margin=&#8221;-13px|auto||auto||&#8221; custom_padding=&#8221;||10px|||&#8221; global_colors_info=&#8221;{}&#8221;][et_pb_column type=&#8221;4_4&#8243; _builder_version=&#8221;4.17.4&#8243; _module_preset=&#8221;default&#8221; global_colors_info=&#8221;{}&#8221;][et_pb_text _builder_version=&#8221;4.17.4&#8243; _module_preset=&#8221;default&#8221; custom_margin=&#8221;-17px||-7px|||&#8221; custom_padding=&#8221;2px||30px|||&#8221; global_colors_info=&#8221;{}&#8221;]<\/p>\n<p style=\"text-align: center;\"><span style=\"font-size: medium; color: #ffffff;\">Administraci\u00f3n y Gesti\u00f3n de Inmuebles Sociales SL <span> | B09617390<\/span><\/span><\/p>\n<p style=\"text-align: center;\"><span style=\"font-size: medium; color: #ffffff;\">direccion@imass.es<\/span><\/p>\n<p>[\/et_pb_text][et_pb_button button_url=&#8221;tel:+34600024365&#8243; button_text=&#8221;\u00bfEST\u00c1S OKUPANDO UNA VIVIENDA? LL\u00c1MANOS \ud83d\udcde&#8221; button_alignment=&#8221;center&#8221; _builder_version=&#8221;4.17.4&#8243; _module_preset=&#8221;default&#8221; custom_button=&#8221;on&#8221; button_text_size=&#8221;16px&#8221; button_bg_color=&#8221;#FFFFFF&#8221; button_border_radius=&#8221;100px&#8221; button_icon=&#8221;&#x4e;||divi||400&#8243; global_colors_info=&#8221;{}&#8221;][\/et_pb_button][\/et_pb_column][\/et_pb_row][\/et_pb_section][et_pb_section fb_built=&#8221;1&#8243; disabled_on=&#8221;on|off|off&#8221; _builder_version=&#8221;4.17.4&#8243; _module_preset=&#8221;default&#8221; background_color=&#8221;rgba(0,0,0,0.42)&#8221; background_image=&#8221;https:\/\/imass.es\/wp-content\/uploads\/2022\/05\/FOOTERS.jpeg&#8221; background_blend=&#8221;overlay&#8221; custom_padding=&#8221;18px||22px|||&#8221; global_module=&#8221;279&#8243; saved_tabs=&#8221;all&#8221; global_colors_info=&#8221;{}&#8221;][et_pb_row _builder_version=&#8221;4.17.4&#8243; _module_preset=&#8221;default&#8221; global_colors_info=&#8221;{}&#8221;][et_pb_column type=&#8221;4_4&#8243; _builder_version=&#8221;4.17.4&#8243; _module_preset=&#8221;default&#8221; global_colors_info=&#8221;{}&#8221;][et_pb_text _builder_version=&#8221;4.17.4&#8243; _module_preset=&#8221;default&#8221; custom_margin=&#8221;-17px||41px|||&#8221; custom_padding=&#8221;2px||30px|||&#8221; global_colors_info=&#8221;{}&#8221;]<\/p>\n<p style=\"text-align: center;\"><span style=\"color: #ffffff; font-size: medium;\">Administraci\u00f3n y Gesti\u00f3n de Inmuebles Sociales SL | B09617390\u00a0| direccion@imass.es | +34 600 024 365<\/span><\/p>\n<p>[\/et_pb_text][et_pb_button button_url=&#8221;tel:+34600024365&#8243; button_text=&#8221;\u00bfEST\u00c1S OKUPANDO UNA VIVIENDA? LL\u00c1MANOS \ud83d\udcde&#8221; button_alignment=&#8221;center&#8221; _builder_version=&#8221;4.17.4&#8243; _module_preset=&#8221;default&#8221; custom_button=&#8221;on&#8221; button_text_size=&#8221;16px&#8221; button_bg_color=&#8221;#FFFFFF&#8221; button_border_radius=&#8221;100px&#8221; button_icon=&#8221;&#x4e;||divi||400&#8243; global_colors_info=&#8221;{}&#8221;][\/et_pb_button][\/et_pb_column][\/et_pb_row][\/et_pb_section]<\/p>\n","protected":false},"excerpt":{"rendered":"<p>Would you like to meet us in person at THE DISTRICT SHOW? We invite you to the event, please fill out the form below so we can send you the free access code to the event.Administraci\u00f3n y Gesti\u00f3n de Inmuebles Sociales SL | B09617390 direccion@imass.esAdministraci\u00f3n y Gesti\u00f3n de Inmuebles Sociales SL | B09617390\u00a0| direccion@imass.es | [&hellip;]<\/p>\n","protected":false},"author":1,"featured_media":0,"parent":0,"menu_order":0,"comment_status":"closed","ping_status":"closed","template":"","meta":{"_et_pb_use_builder":"on","_et_pb_old_content":"","_et_gb_content_width":"","_joinchat":[],"footnotes":""},"class_list":["post-578","page","type-page","status-publish","hentry"],"yoast_head":"<!-- This site is optimized with the Yoast SEO plugin v26.9 - https:\/\/yoast.com\/product\/yoast-seo-wordpress\/ -->\n<title>The District Show - IMASS<\/title>\n<meta name=\"robots\" content=\"index, follow, max-snippet:-1, max-image-preview:large, max-video-preview:-1\" \/>\n<link rel=\"canonical\" href=\"https:\/\/imass.es\/en\/the-district-show\/\" \/>\n<meta property=\"og:locale\" content=\"en_US\" \/>\n<meta property=\"og:type\" content=\"article\" \/>\n<meta property=\"og:title\" content=\"The District Show - IMASS\" \/>\n<meta property=\"og:description\" content=\"Would you like to meet us in person at THE DISTRICT SHOW? We invite you to the event, please fill out the form below so we can send you the free access code to the event.Administraci\u00f3n y Gesti\u00f3n de Inmuebles Sociales SL | B09617390 direccion@imass.esAdministraci\u00f3n y Gesti\u00f3n de Inmuebles Sociales SL | B09617390\u00a0| direccion@imass.es | [&hellip;]\" \/>\n<meta property=\"og:url\" content=\"https:\/\/imass.es\/en\/the-district-show\/\" \/>\n<meta property=\"og:site_name\" content=\"IMASS\" \/>\n<meta property=\"article:modified_time\" content=\"2022-10-13T22:18:06+00:00\" \/>\n<meta name=\"twitter:card\" content=\"summary_large_image\" \/>\n<meta name=\"twitter:label1\" content=\"Est. reading time\" \/>\n\t<meta name=\"twitter:data1\" content=\"6 minutes\" \/>\n<script type=\"application\/ld+json\" class=\"yoast-schema-graph\">{\"@context\":\"https:\/\/schema.org\",\"@graph\":[{\"@type\":\"WebPage\",\"@id\":\"https:\/\/imass.es\/en\/the-district-show\/\",\"url\":\"https:\/\/imass.es\/en\/the-district-show\/\",\"name\":\"The District Show - IMASS\",\"isPartOf\":{\"@id\":\"https:\/\/imass.es\/#website\"},\"datePublished\":\"2022-10-04T13:45:53+00:00\",\"dateModified\":\"2022-10-13T22:18:06+00:00\",\"breadcrumb\":{\"@id\":\"https:\/\/imass.es\/en\/the-district-show\/#breadcrumb\"},\"inLanguage\":\"en-US\",\"potentialAction\":[{\"@type\":\"ReadAction\",\"target\":[\"https:\/\/imass.es\/en\/the-district-show\/\"]}]},{\"@type\":\"BreadcrumbList\",\"@id\":\"https:\/\/imass.es\/en\/the-district-show\/#breadcrumb\",\"itemListElement\":[{\"@type\":\"ListItem\",\"position\":1,\"name\":\"Portada\",\"item\":\"https:\/\/imass.es\/en\/imass\/\"},{\"@type\":\"ListItem\",\"position\":2,\"name\":\"The District Show\"}]},{\"@type\":\"WebSite\",\"@id\":\"https:\/\/imass.es\/#website\",\"url\":\"https:\/\/imass.es\/\",\"name\":\"IMASS\",\"description\":\"Good Housing, Good Investment\",\"publisher\":{\"@id\":\"https:\/\/imass.es\/#organization\"},\"potentialAction\":[{\"@type\":\"SearchAction\",\"target\":{\"@type\":\"EntryPoint\",\"urlTemplate\":\"https:\/\/imass.es\/?s={search_term_string}\"},\"query-input\":{\"@type\":\"PropertyValueSpecification\",\"valueRequired\":true,\"valueName\":\"search_term_string\"}}],\"inLanguage\":\"en-US\"},{\"@type\":\"Organization\",\"@id\":\"https:\/\/imass.es\/#organization\",\"name\":\"IMASS\",\"url\":\"https:\/\/imass.es\/\",\"logo\":{\"@type\":\"ImageObject\",\"inLanguage\":\"en-US\",\"@id\":\"https:\/\/imass.es\/#\/schema\/logo\/image\/\",\"url\":\"https:\/\/imass.es\/wp-content\/uploads\/2022\/05\/Targetas-Imass-03-1.png\",\"contentUrl\":\"https:\/\/imass.es\/wp-content\/uploads\/2022\/05\/Targetas-Imass-03-1.png\",\"width\":1004,\"height\":513,\"caption\":\"IMASS\"},\"image\":{\"@id\":\"https:\/\/imass.es\/#\/schema\/logo\/image\/\"}}]}<\/script>\n<!-- \/ Yoast SEO plugin. -->","yoast_head_json":{"title":"The District Show - IMASS","robots":{"index":"index","follow":"follow","max-snippet":"max-snippet:-1","max-image-preview":"max-image-preview:large","max-video-preview":"max-video-preview:-1"},"canonical":"https:\/\/imass.es\/en\/the-district-show\/","og_locale":"en_US","og_type":"article","og_title":"The District Show - IMASS","og_description":"Would you like to meet us in person at THE DISTRICT SHOW? We invite you to the event, please fill out the form below so we can send you the free access code to the event.Administraci\u00f3n y Gesti\u00f3n de Inmuebles Sociales SL | B09617390 direccion@imass.esAdministraci\u00f3n y Gesti\u00f3n de Inmuebles Sociales SL | B09617390\u00a0| direccion@imass.es | [&hellip;]","og_url":"https:\/\/imass.es\/en\/the-district-show\/","og_site_name":"IMASS","article_modified_time":"2022-10-13T22:18:06+00:00","twitter_card":"summary_large_image","twitter_misc":{"Est. reading time":"6 minutes"},"schema":{"@context":"https:\/\/schema.org","@graph":[{"@type":"WebPage","@id":"https:\/\/imass.es\/en\/the-district-show\/","url":"https:\/\/imass.es\/en\/the-district-show\/","name":"The District Show - IMASS","isPartOf":{"@id":"https:\/\/imass.es\/#website"},"datePublished":"2022-10-04T13:45:53+00:00","dateModified":"2022-10-13T22:18:06+00:00","breadcrumb":{"@id":"https:\/\/imass.es\/en\/the-district-show\/#breadcrumb"},"inLanguage":"en-US","potentialAction":[{"@type":"ReadAction","target":["https:\/\/imass.es\/en\/the-district-show\/"]}]},{"@type":"BreadcrumbList","@id":"https:\/\/imass.es\/en\/the-district-show\/#breadcrumb","itemListElement":[{"@type":"ListItem","position":1,"name":"Portada","item":"https:\/\/imass.es\/en\/imass\/"},{"@type":"ListItem","position":2,"name":"The District Show"}]},{"@type":"WebSite","@id":"https:\/\/imass.es\/#website","url":"https:\/\/imass.es\/","name":"IMASS","description":"Good Housing, Good Investment","publisher":{"@id":"https:\/\/imass.es\/#organization"},"potentialAction":[{"@type":"SearchAction","target":{"@type":"EntryPoint","urlTemplate":"https:\/\/imass.es\/?s={search_term_string}"},"query-input":{"@type":"PropertyValueSpecification","valueRequired":true,"valueName":"search_term_string"}}],"inLanguage":"en-US"},{"@type":"Organization","@id":"https:\/\/imass.es\/#organization","name":"IMASS","url":"https:\/\/imass.es\/","logo":{"@type":"ImageObject","inLanguage":"en-US","@id":"https:\/\/imass.es\/#\/schema\/logo\/image\/","url":"https:\/\/imass.es\/wp-content\/uploads\/2022\/05\/Targetas-Imass-03-1.png","contentUrl":"https:\/\/imass.es\/wp-content\/uploads\/2022\/05\/Targetas-Imass-03-1.png","width":1004,"height":513,"caption":"IMASS"},"image":{"@id":"https:\/\/imass.es\/#\/schema\/logo\/image\/"}}]}},"_links":{"self":[{"href":"https:\/\/imass.es\/en\/wp-json\/wp\/v2\/pages\/578","targetHints":{"allow":["GET"]}}],"collection":[{"href":"https:\/\/imass.es\/en\/wp-json\/wp\/v2\/pages"}],"about":[{"href":"https:\/\/imass.es\/en\/wp-json\/wp\/v2\/types\/page"}],"author":[{"embeddable":true,"href":"https:\/\/imass.es\/en\/wp-json\/wp\/v2\/users\/1"}],"replies":[{"embeddable":true,"href":"https:\/\/imass.es\/en\/wp-json\/wp\/v2\/comments?post=578"}],"version-history":[{"count":15,"href":"https:\/\/imass.es\/en\/wp-json\/wp\/v2\/pages\/578\/revisions"}],"predecessor-version":[{"id":655,"href":"https:\/\/imass.es\/en\/wp-json\/wp\/v2\/pages\/578\/revisions\/655"}],"wp:attachment":[{"href":"https:\/\/imass.es\/en\/wp-json\/wp\/v2\/media?parent=578"}],"curies":[{"name":"wp","href":"https:\/\/api.w.org\/{rel}","templated":true}]}}